{"id":70144,"date":"2018-08-15T21:26:19","date_gmt":"2018-08-15T14:26:19","guid":{"rendered":"https:\/\/bizhostvn.com\/w\/petinheart\/?post_type=product&#038;p=70144"},"modified":"2021-05-24T17:05:03","modified_gmt":"2021-05-24T10:05:03","slug":"smart-tivi-4k-samsung-55-inch","status":"publish","type":"product","link":"https:\/\/thietkewebsitemienphi.com\/dienmay3\/san-pham\/smart-tivi-4k-samsung-55-inch\/","title":{"rendered":"Smart Tivi 4K SAMSUNG 55 Inch"},"content":{"rendered":"<h3>Thi\u1ebft k\u1ebf tr\u00e0n vi\u1ec1n hi\u1ec7n \u0111\u1ea1i v\u00e0 tinh t\u1ebf<\/h3>\n<div><a href=\"https:\/\/dienmayhoangphat.vn\/smart-tivi-samsung-8k-qled-75-inch-qa75qn900akxxv.html\" type=\"Xem th\u00eam v\u1ec1 Tivi Neo QLED 8K 75 inch Samsung QA75QN900A\">Tivi Neo QLED 8K 75 inch Samsung QA75QN900<\/a>AA\u00a0\u0111\u01b0\u1ee3c thi\u1ebft k\u1ebf ho\u00e0n thi\u1ec7n theo phong c\u00e1ch Infinity One s\u1edf h\u1eefu v\u1ebb ngo\u00e0i\u00a0sang tr\u1ecdng\u00a0v\u1edbi \u0111\u01b0\u1eddng vi\u1ec1n m\u1ecfng \u0111\u00e1ng ng\u1ea1c nhi\u00ean cho b\u1ea1n ho\u00e0n to\u00e0n t\u1eadp trung v\u00e0o n\u1ed9i dung hi\u1ec3n th\u1ecb tr\u00ean m\u00e0n h\u00ecnh v\u00e0 g\u00f3p ph\u1ea7n n\u00e2ng cao n\u00e9t sang tr\u1ecdng cho kh\u00f4ng gian s\u1ed1ng.V\u1edbi k\u00edch th\u01b0\u1edbc l\u00ean t\u1edbi 75 inch ph\u00f9 h\u1ee3p cho c\u00e1c kh\u00f4ng gian r\u1ed9ng nh\u01b0: ph\u00f2ng h\u1ecdp, ph\u00f2ng kh\u00e1ch,&#8230;<\/div>\n<div><img class=\"lazy\" src=\"https:\/\/cdn.tgdd.vn\/Products\/Images\/1942\/235586\/Slider\/neo-qled-8k-samsung-qa75qn900a-290321-0944161.jpg\" alt=\"Thi\u1ebft k\u1ebf hi\u1ec7n \u0111\u1ea1i, sang tr\u1ecdng\" data-src=\"https:\/\/cdn.tgdd.vn\/Products\/Images\/1942\/235586\/Slider\/neo-qled-8k-samsung-qa75qn900a-290321-0944161.jpg\" \/><\/div>\n<h3>\u0110\u1ed9 ph\u00e2n gi\u1ea3i 8K \u0111em l\u1ea1i h\u00ecnh \u1ea3nh tuy\u1ec7t h\u1ea3o<\/h3>\n<div><a href=\"https:\/\/dienmayhoangphat.vn\/tivi-samsung.html\" type=\"Xem th\u00eam v\u1ec1 Tivi Samsung\">Tivi Samsung<\/a>\u00a0v\u1edbi \u0111\u1ed9 ph\u00e2n gi\u1ea3i 8k \u0111em l\u1ea1i h\u00ecnh \u1ea3nh r\u00f5 r\u00e0ng, s\u1eafc n\u00e9t \u0111\u1ebfn t\u1eebng chi ti\u1ebft g\u1ea5p\u00a08 l\u1ea7n\u00a0\u0111\u1ed9 ph\u00e2n gi\u1ea3i\u00a0FULLHD v\u00e0 g\u1ea5p 2 l\u1ea7n \u0111\u1ed9 ph\u00e2n gi\u1ea3i 4k.<\/div>\n<div><\/div>\n<div><img class=\"lazy\" src=\"https:\/\/cdn.tgdd.vn\/Products\/Images\/1942\/235586\/Slider\/neo-qled-8k-samsung-qa75qn900a-290321-0944192.jpg\" alt=\"\u0110\u1ed9 ph\u00e2n gi\u1ea3i 8K\" data-src=\"https:\/\/cdn.tgdd.vn\/Products\/Images\/1942\/235586\/Slider\/neo-qled-8k-samsung-qa75qn900a-290321-0944192.jpg\" \/><\/div>\n<h3>Nh\u1edd c\u00f4ng ngh\u1ec7 \u0111\u00e8n n\u1ec1n Micro Full Array v\u00e0 Quantum Matrix Technology Pro t\u00e1i hi\u1ec7n chu\u1ea9n x\u00e1c nh\u1eefng v\u00f9ng \u1ea3nh \u1ea9n s\u00e2u<\/h3>\n<div>2 c\u00f4ng ngh\u1ec7 ti\u00ean ti\u1ebfn n\u00e0y th\u1ec3 hi\u1ec7n s\u1eafc \u0111en s\u00e2u th\u1eb3m, s\u1eafc tr\u1eafng t\u01b0\u01a1i s\u00e1ng v\u1edbi ngu\u1ed3n s\u00e1ng t\u1eeb c\u00f4ng ngh\u1ec7 \u0111\u00e8n Quantum Mini LED c\u00f3 c\u1ee1 \u0111\u00e8n nh\u1ecf ch\u1ec9 b\u1eb1ng 1\/40 \u0111\u00e8n LED th\u00f4ng th\u01b0\u1eddng, \u0111\u01b0\u1ee3c \u0111i\u1ec1u khi\u1ec3n ch\u00ednh x\u00e1c nh\u1edd c\u00f4ng ngh\u1ec7 Backlight Dimming, khu v\u1ef1c chi\u1ebfu s\u00e1ng nhi\u1ec1u h\u01a1n \u0111\u1ebfn 1.5 l\u1ea7n so v\u1edbi c\u00f4ng ngh\u1ec7 Quantum Matrix \u0111\u1ed9c quy\u1ec1n t\u1eeb Samsung.<\/div>\n<div><\/div>\n<div><img class=\"lazy\" src=\"https:\/\/cdn.tgdd.vn\/Products\/Images\/1942\/235586\/Slider\/neo-qled-8k-samsung-qa75qn900a-290321-0944203.jpg\" alt=\"T\u00e1i hi\u1ec7n ch\u00ednh x\u00e1c nh\u1eefng v\u00f9ng \u1ea3nh \u1ea9n s\u00e2u v\u1edbi Quantum Matrix technology Pro\" data-src=\"https:\/\/cdn.tgdd.vn\/Products\/Images\/1942\/235586\/Slider\/neo-qled-8k-samsung-qa75qn900a-290321-0944203.jpg\" \/><\/div>\n<h3>Th\u01b0\u1edfng th\u1ee9c tr\u1ecdn v\u1eb9n n\u1ed9i dung y\u00eau th\u00edch d\u01b0\u1edbi \u00e1nh n\u1eafng, ch\u1ed1ng ch\u00f3i hi\u1ec7u qu\u1ea3 v\u1edbi c\u00f4ng ngh\u1ec7 Anti-Reflection<\/h3>\n<div>C\u00f4ng ngh\u1ec7 ch\u1ed1ng ph\u1ea3n chi\u1ebfu \u00e1nh s\u00e1ng gi\u00fap tivi gi\u1ea3m thi\u1ec3u \u0111\u01b0\u1ee3c \u0111\u00e1ng k\u1ec3 \u0111\u1ed9 ph\u1ea3n chi\u1ebfu v\u00e0 \u0111\u1ed9 ch\u00f3i t\u1eeb m\u00f4i tr\u01b0\u1eddng ngo\u00e0i, cho h\u00ecnh \u1ea3nh hi\u1ec3n th\u1ecb trung th\u1ef1c v\u00e0 ch\u00ednh x\u00e1c nh\u1ea5t.<\/div>\n<div><img class=\"lazy\" src=\"https:\/\/cdn.tgdd.vn\/Products\/Images\/1942\/235586\/Slider\/neo-qled-8k-samsung-qa75qn900a-290321-0944214.jpg\" alt=\"C\u00f4ng ngh\u1ec7 ch\u1ed1ng ch\u00f3i Anti-Reflection\" data-src=\"https:\/\/cdn.tgdd.vn\/Products\/Images\/1942\/235586\/Slider\/neo-qled-8k-samsung-qa75qn900a-290321-0944214.jpg\" \/><\/div>\n<h3>T\u00e1i hi\u1ec7n m\u00e0u s\u1eafc r\u1ef1c r\u1ee1, d\u1ea3i m\u00e0u r\u1ed9ng v\u1edbi c\u00f4ng ngh\u1ec7 Quantum HDR 64x<\/h3>\n<p>C\u00f4ng ngh\u1ec7 n\u00e0y t\u00e1i t\u1ea1o h\u00ecnh \u1ea3nh v\u1edbi m\u00e0u s\u1eafc sinh \u0111\u1ed9ng, \u0111\u1ed9 t\u01b0\u01a1ng ph\u1ea3n, \u0111\u1ed9 n\u00e9t cao, \u0111\u1ed9 s\u00e1ng 3000 nit. C\u00f4ng ngh\u1ec7 HDR10+ \u0111i\u1ec1u ch\u1ec9nh t\u1ef1 \u0111\u1ed9ng m\u00e0u s\u1eafc, \u0111\u1ed9 t\u01b0\u01a1ng ph\u1ea3n ho\u00e0n h\u1ea3o \u0111\u1ebfn t\u1eebng s\u1eafc th\u00e1i trong m\u1ecdi khung h\u00ecnh.<\/p>\n<p><img class=\"lazy\" src=\"https:\/\/cdn.tgdd.vn\/Products\/Images\/1942\/235586\/Slider\/neo-qled-8k-samsung-qa75qn900a-290321-0944235.jpg\" alt=\"T\u00e1i hi\u1ec7n m\u00e0u s\u1eafc r\u1ef1c r\u1ee1, d\u1ea3i m\u00e0u r\u1ed9ng v\u1edbi Quantum HDR 64x\" data-src=\"https:\/\/cdn.tgdd.vn\/Products\/Images\/1942\/235586\/Slider\/neo-qled-8k-samsung-qa75qn900a-290321-0944235.jpg\" \/><\/p>\n<h3>N\u00e2ng cao kh\u1ea3 n\u0103ng hi\u1ec3n th\u1ecb m\u00e0u s\u1eafc v\u00e0 chi ti\u1ebft h\u00ecnh \u1ea3nh b\u1eb1ng c\u00f4ng ngh\u1ec7 Ultimate 8K Dimming Pro<\/h3>\n<div>C\u00f4ng ngh\u1ec7 Ultimate 8K Dimming Pro tr\u00ean\u00a0<a href=\"https:\/\/dienmayhoangphat.vn\/tivi-samsung.html\" type=\"Xem th\u00eam v\u1ec1 Smart Tivi Samsung\">Smart Tivi Samsung<\/a>\u00a0c\u00f3 t\u00e1c d\u1ee5ng n\u00e2ng cao h\u00ecnh \u1ea3nh, \u0111em l\u1ea1i m\u00e0u s\u1eafc \u1ea5n t\u01b0\u1ee3ng trong c\u00e1c khung \u1ea3nh v\u00e0 \u0111\u1ed9 chi ti\u1ebft tuy\u1ec7t v\u1eddi t\u1ea1o ra qu\u00e1 tr\u00ecnh tr\u1ea3i nghi\u1ec7m gi\u1ea3i tr\u00ed \u0111\u1ea7y s\u1ee9c s\u1ed1ng v\u00e0 lu\u00f4i cu\u1ed1n.<\/div>\n<div><img class=\"lazy\" src=\"https:\/\/cdn.tgdd.vn\/Products\/Images\/1942\/235586\/Slider\/neo-qled-8k-samsung-qa75qn900a-290321-0944256.jpg\" alt=\"T\u0103ng chi ti\u1ebft h\u00ecnh \u1ea3nh v\u00e0 \u0111\u1ed9 t\u01b0\u01a1ng ph\u1ea3n v\u1edbi Ultimate 8K Dimming Pro\" data-src=\"https:\/\/cdn.tgdd.vn\/Products\/Images\/1942\/235586\/Slider\/neo-qled-8k-samsung-qa75qn900a-290321-0944256.jpg\" \/><\/div>\n<h3>N\u00e2ng c\u1ea5p h\u00ecnh \u1ea3nh l\u00ean chu\u1ea9n 8K v\u1edbi b\u1ed9 x\u1eed l\u00fd Neo Quantum 8K v\u1edbi Tr\u00ed Tu\u1ec7 Nh\u00e2n T\u1ea1o AI<\/h3>\n<div>B\u1ed9 x\u1eed l\u00fd Quantum 8k v\u1edbi Tr\u00ed Tu\u1ec7 Nh\u00e2n T\u1ea1o AI cho h\u00ecnh \u1ea3nh s\u1eafc n\u00e9t, \u1ea5n t\u01b0\u1ee3ng khi n\u1ed9i dung xem \u0111\u01b0\u1ee3c n\u00e2ng c\u1ea5p l\u00ean chu\u1ea9n 8k g\u1ea5p \u0111\u00f4i 4k.Ngo\u00e0i ra, n\u00f3 c\u00f2n mang l\u1ea1i chuy\u1ec3n \u0111\u1ed9ng h\u00ecnh \u1ea3nh m\u01b0\u1ee3t m\u00e0, kh\u00f4ng c\u00f3 hi\u1ec7n t\u01b0\u1ee3ng nh\u00f2e.<\/div>\n<div><img class=\"lazy\" src=\"https:\/\/cdn.tgdd.vn\/Products\/Images\/1942\/235586\/Slider\/neo-qled-8k-samsung-qa75qn900a-290321-0944277.jpg\" alt=\"N\u00e2ng c\u1ea5p h\u00ecnh \u1ea3nh l\u00ean chu\u1ea9n 8K v\u1edbi Neo Quantum 8K\" data-src=\"https:\/\/cdn.tgdd.vn\/Products\/Images\/1942\/235586\/Slider\/neo-qled-8k-samsung-qa75qn900a-290321-0944277.jpg\" \/><\/div>\n<h3>H\u00ecnh \u1ea3nh hi\u1ec3n th\u1ecb r\u00f5 n\u00e9t, kh\u00f4ng b\u1ecb bi\u1ebfn \u0111\u1ed5i m\u00e0u s\u1eafc \u1edf m\u1ecdi g\u00f3c nh\u00ecn nh\u1edd c\u00f4ng ngh\u1ec7\u00a0Wide Viewing Angle<\/h3>\n<p><img class=\"lazy\" src=\"https:\/\/cdn.tgdd.vn\/Products\/Images\/1942\/235586\/Slider\/neo-qled-8k-samsung-qa75qn900a-290321-0944298.jpg\" alt=\"Tr\u1ea3i nghi\u1ec7m xem kh\u00f4ng thay \u0111\u1ed5i \u1edf m\u1ecdi g\u00f3c nh\u00ecn\" data-src=\"https:\/\/cdn.tgdd.vn\/Products\/Images\/1942\/235586\/Slider\/neo-qled-8k-samsung-qa75qn900a-290321-0944298.jpg\" \/><\/p>\n<h3>\u00c2m thanh v\u00f2m \u1ea5n t\u01b0\u1ee3ng, ch\u00e2n th\u1ef1c nh\u1edd c\u00f4ng ngh\u1ec7 Object Tracking Sound (OTS)<\/h3>\n<div>C\u00f4ng ngh\u1ec7\u00a0Object Tracking Sound (OTS)\u00a0m\u00f4 t\u1ea3 l\u1ea1i chuy\u1ec3n \u0111\u1ed9ng theo \u0111\u1ed1i t\u01b0\u1ee3ng h\u00ecnh \u1ea3nh m\u1ed9t c\u00e1ch ch\u00ednh x\u00e1c v\u00e0 hi\u1ec7u \u1ee9ng \u00e2m thanh v\u00f2m r\u00f5 r\u00e0ng h\u01a1n gi\u00fap \u00e2m thanh ch\u00e2n th\u1eadt v\u00e0 s\u1ed1ng \u0111\u1ed9ng.<\/div>\n<div><img class=\"lazy\" src=\"https:\/\/cdn.tgdd.vn\/Products\/Images\/1942\/235586\/Slider\/neo-qled-8k-samsung-qa75qn900a-290321-0944309.jpg\" alt=\"C\u00f4ng ngh\u1ec7 \u00e2m thanh OTS chuy\u1ec3n \u0111\u1ed9ng theo h\u00ecnh \u1ea3nh\" data-src=\"https:\/\/cdn.tgdd.vn\/Products\/Images\/1942\/235586\/Slider\/neo-qled-8k-samsung-qa75qn900a-290321-0944309.jpg\" \/><\/div>\n<h3>Tr\u1ea3i nghi\u1ec7m ch\u01a1i game m\u01b0\u1ee3t m\u00e0 v\u1edbi c\u00f4ng ngh\u1ec7 FreeSync Premium Pro<\/h3>\n<div>\n<p>C\u00f4ng ngh\u1ec7 n\u00e0y \u0111\u00e3 \u0111\u01b0\u1ee3c ch\u1ee9ng nh\u1eadn v\u1ec1 kh\u1ea3 n\u0103ng\u00a0gi\u1ea3m thi\u1ec3u \u0111\u00e1ng k\u1ec3 t\u00ecnh tr\u1ea1ng gi\u1ef1t h\u00ecnh v\u00e0 x\u00e9 h\u00ecnh cho b\u1ea1n ch\u01a1i game v\u1edbi hi\u1ec7u n\u0103ng si\u00eau \u0111\u1ec9nh. T\u00ednh n\u0103ng\u00a0Auto Low Latency Mode gi\u1ea3m \u0111\u1ed9 tr\u1ec5 xu\u1ed1ng th\u1ea5p t\u1ed1i \u0111a,\u00a0 cho c\u00e1c m\u00e0n game m\u01b0\u1ee3t m\u00e0, gi\u00fap b\u1ea1n l\u00e0m ch\u1ee7 trong m\u1ecdi t\u00ecnh hu\u1ed1ng.<\/p>\n<p>C\u00f4ng ngh\u1ec7\u00a0Motion Xcelerator Turbo+ cho c\u1ea3nh chuy\u1ec3n \u0111\u1ed9ng l\u00ean \u0111\u00fang chu\u1ea9n 120Hz t\u1ef1 \u0111\u1ed9ng th\u00eam khung h\u00ecnh v\u00e0o n\u1ed9i dung g\u1ed1c \u0111\u1ec3 h\u00ecnh \u1ea3nh c\u00e0ng th\u00eam m\u01b0\u1ee3t m\u00e0.<\/p>\n<\/div>\n<div><img class=\"lazy\" title=\"Tr\u1ea3i nghi\u1ec7m game m\u01b0\u1ee3t m\u00e0 v\u1edbi FreeSync Premium Pro\" src=\"https:\/\/cdn.tgdd.vn\/Products\/Images\/1942\/235586\/freesync-premium-pro.jpg\" alt=\"Tr\u1ea3i nghi\u1ec7m game m\u01b0\u1ee3t m\u00e0 v\u1edbi FreeSync Premium Pro\" data-src=\"https:\/\/cdn.tgdd.vn\/Products\/Images\/1942\/235586\/freesync-premium-pro.jpg\" \/><\/div>\n<h3>Kho \u1ee9ng d\u1ee5ng \u0111a d\u1ea1ng, phong ph\u00fa trong h\u1ec7 \u0111i\u1ec1u h\u00e0nh Tizen OS<\/h3>\n<div>H\u1ec7 \u0111i\u1ec1u h\u00e0nh Tizen OS\u00a0c\u00f3 giao di\u1ec7n \u0111\u01a1n gi\u1ea3n th\u00e2n thi\u1ec7n v\u00e0 d\u1ec5 s\u1eed d\u1ee5ng. Nh\u1eefng \u1ee9ng d\u1ee5ng c\u00f3 s\u1eb5n nh\u01b0: YouTube, Netflix, Tr\u00ecnh duy\u1ec7t web,&#8230; v\u00e0 c\u00f3 th\u1ec3 t\u1ea3i th\u00eam t\u1ea1i kho \u1ee9ng d\u1ee5ng theo \u00fd th\u00edch: FPT Play, Clip TV, Galaxy Play,&#8230;<\/div>\n<div><img class=\"lazy\" src=\"https:\/\/cdn.tgdd.vn\/Products\/Images\/1942\/235586\/Slider\/neo-qled-8k-samsung-qa75qn900a-290321-09443411.jpg\" alt=\"H\u1ec7 \u0111i\u1ec1u h\u00e0nh TizenOS\" data-src=\"https:\/\/cdn.tgdd.vn\/Products\/Images\/1942\/235586\/Slider\/neo-qled-8k-samsung-qa75qn900a-290321-09443411.jpg\" \/><\/div>\n<h3>\u0110i\u1ec1u khi\u1ec3n tivi b\u1eb1ng gi\u1ecdng n\u00f3i, h\u1ed7 tr\u1ee3 ti\u1ebfng Vi\u1ec7t (gi\u1ecdng B\u1eafc, Trung, Nam) qua One Remote v\u00e0\u00a0Google Assistant<\/h3>\n<div>One Remote\u00a0\u0111\u01b0\u1ee3c thi\u1ebft k\u1ebf \u0111\u01a1n gi\u1ea3n, gi\u1ea3m h\u1ebft t\u1ea5t c\u1ea3 c\u00e1c ph\u00edm s\u1ed1, c\u00e1c ph\u00edm ch\u1ee9c n\u0103ng kh\u00f4ng c\u1ea7n thi\u1ebft gi\u00fap b\u1ea1n c\u00f3 th\u1ec3 \u0111i\u1ec1u khi\u1ec3n tivi d\u1ec5 d\u00e0ng v\u00e0 \u0111\u01a1n gi\u1ea3n h\u01a1n, \u0111\u1eb7c bi\u1ec7t th\u00edch h\u1ee3p cho ng\u01b0\u1eddi l\u1edbn tu\u1ed5i trong nh\u00e0 s\u1eed d\u1ee5ng.<\/div>\n<div><\/div>\n<div>B\u00ean c\u1ea1nh \u0111\u00f3, b\u1ea1n ch\u1ec9 c\u1ea7n d\u00f9ng m\u1ed9t chi\u1ebfc remote l\u00e0 c\u00f3 th\u1ec3 \u0111i\u1ec1u khi\u1ec3n m\u1ecdi thi\u1ebft b\u1ecb nh\u01b0: \u0111\u1ea7u \u0111\u0129a, m\u00e1y ch\u01a1i game, d\u00e0n \u00e2m thanh&#8230; khi k\u1ebft n\u1ed1i v\u1edbi tivi qua HDMI. Remote c\u00f2n c\u00f3 m\u1ed9t \u01b0u \u0111i\u1ec3m n\u1ed5i b\u1eadt ch\u00ednh l\u00e0 c\u00f3 h\u1ed7 tr\u1ee3 t\u00ecm ki\u1ebfm b\u1eb1ng gi\u1ecdng n\u00f3i ti\u1ebfng Vi\u1ec7t trong \u1ee9ng d\u1ee5ng YouTube, cho b\u1ea1n t\u00ecm ki\u1ebfm ch\u01b0\u01a1ng tr\u00ecnh d\u1ec5 d\u00e0ng h\u01a1n bao gi\u1edd h\u1ebft.<\/div>\n<div><\/div>\n<div>L\u01b0u \u00fd: C\u00e1c s\u1ea3n ph\u1ea9m \u0111\u01b0\u1ee3c \u00e1p d\u1ee5ng k\u1ec3 t\u1eeb ng\u00e0y 30\/12\/2020.<\/div>\n<div><img class=\"lazy\" src=\"https:\/\/cdn.tgdd.vn\/Products\/Images\/1942\/235586\/Slider\/neo-qled-8k-samsung-qa75qn900a-290321-09443512.jpg\" alt=\"\u0110i\u1ec1u khi\u1ec3n v\u00e0 t\u00ecm ki\u1ebfm b\u1eb1ng gi\u1ecdng n\u00f3i Ti\u1ebfng Vi\u1ec7t\" data-src=\"https:\/\/cdn.tgdd.vn\/Products\/Images\/1942\/235586\/Slider\/neo-qled-8k-samsung-qa75qn900a-290321-09443512.jpg\" \/><\/div>\n<h3>Ti\u1ec7n l\u1ee3i \u0111i\u1ec1u khi\u1ec3n tivi b\u1eb1ng \u0111i\u1ec7n tho\u1ea1i th\u00f4ng qua \u1ee9ng d\u1ee5ng\u00a0SmartThings<\/h3>\n<p><img class=\"lazy\" src=\"https:\/\/cdn.tgdd.vn\/Products\/Images\/1942\/235586\/Slider\/neo-qled-8k-samsung-qa75qn900a-290321-09443613.jpg\" alt=\"\u0110i\u1ec1u khi\u1ec3n tivi v\u1edbi \u1ee9ng d\u1ee5ng SmartThings\" data-src=\"https:\/\/cdn.tgdd.vn\/Products\/Images\/1942\/235586\/Slider\/neo-qled-8k-samsung-qa75qn900a-290321-09443613.jpg\" \/><\/p>\n<h3>K\u1ebft n\u1ed1i v\u00e0 tr\u00ecnh chi\u1ebfu t\u1eeb \u0111i\u1ec7n tho\u1ea1i l\u00ean tivi d\u1ec5 d\u00e0ng v\u1edbi c\u00e1c t\u00ednh n\u0103ng th\u00f4ng minh AirPlay 2, TapView, MultiView<\/h3>\n<div>T\u00ednh n\u0103ng\u00a0Tap View\u00a0gi\u00fap k\u1ebft n\u1ed1i nhanh ch\u00f3ng gi\u1eefa \u0111i\u1ec7n tho\u1ea1i v\u00e0 tivi ch\u1ec9 qua m\u1ed9t c\u00e1i ch\u1ea1m nh\u1eb9.<\/div>\n<div><img class=\"lazy\" src=\"https:\/\/cdn.tgdd.vn\/Products\/Images\/1942\/235586\/Slider\/neo-qled-8k-samsung-qa75qn900a-290321-09443814.jpg\" alt=\"Chia s\u1ebb n\u1ed9i dung ch\u1ec9 v\u1edbi 1 ch\u1ea1m TapView\" data-src=\"https:\/\/cdn.tgdd.vn\/Products\/Images\/1942\/235586\/Slider\/neo-qled-8k-samsung-qa75qn900a-290321-09443814.jpg\" \/><\/div>\n<div>T\u00ednh n\u0103ng\u00a0MultiView\u00a0gi\u00fap b\u1ea1n chia \u0111\u00f4i m\u00e0n h\u00ecnh tivi ti\u1ec7n l\u1ee3i, m\u1ed9t b\u00ean v\u1eabn theo d\u00f5i n\u1ed9i dung \u0111ang ph\u00e1t, m\u1ed9t b\u00ean l\u00e0 n\u1ed9i dung \u0111\u01b0\u1ee3c truy\u1ec1n t\u1eeb \u0111i\u1ec7n tho\u1ea1i qua.<\/div>\n<div><img class=\"lazy\" src=\"https:\/\/cdn.tgdd.vn\/Products\/Images\/1942\/235586\/Slider\/neo-qled-8k-samsung-qa75qn900a-290321-09444015.jpg\" alt=\"Xem c\u00f9ng l\u00fac 4 n\u1ed9i dung tr\u00ean 1 m\u00e0n h\u00ecnh\" data-src=\"https:\/\/cdn.tgdd.vn\/Products\/Images\/1942\/235586\/Slider\/neo-qled-8k-samsung-qa75qn900a-290321-09444015.jpg\" \/><\/div>\n<div>Ngo\u00e0i ra, b\u1ea1n d\u1ec5 d\u00e0ng tr\u00ecnh chi\u1ebfu m\u00e0n h\u00ecnh \u0111i\u1ec7n tho\u1ea1i iPhone l\u00ean smart tivi Samsung qua t\u00ednh n\u0103ng\u00a0AirPlay 2\u00a0\u0111\u01b0\u1ee3c t\u00edch h\u1ee3p s\u1eb5n.<\/div>\n<div><img class=\"lazy\" src=\"https:\/\/cdn.tgdd.vn\/Products\/Images\/1942\/235586\/Slider\/neo-qled-8k-samsung-qa75qn900a-290321-09444216.jpg\" alt=\"T\u00ednh n\u0103ng chia s\u1ebb m\u00e0n h\u00ecnh Airplay2 (Iphone)\" data-src=\"https:\/\/cdn.tgdd.vn\/Products\/Images\/1942\/235586\/Slider\/neo-qled-8k-samsung-qa75qn900a-290321-09444216.jpg\" \/><\/div>\n<h3>Trang b\u1ecb \u0111\u1ea7y \u0111\u1ee7 c\u00e1c c\u1ed5ng k\u1ebft n\u1ed1i hi\u1ec7n \u0111\u1ea1i<\/h3>\n","protected":false},"excerpt":{"rendered":"<div>+ K\u00edch th\u01b0\u1edbc l\u1edbn 75 inch tr\u00e0n vi\u1ec1n 4 c\u1ea1nh mang \u0111\u1ebfn tr\u1ea3i nghi\u1ec7m kh\u00f4ng gi\u1edbi h\u1ea1n, c\u00f9ng \u0111\u1ed9 ph\u00e2n gi\u1ea3i 8K cho h\u00ecnh \u1ea3nh s\u1eafc n\u00e9t<br \/>\n+ N\u00e2ng c\u1ea5p h\u00ecnh \u1ea3nh c\u00f3 ch\u1ea5t l\u01b0\u1ee3ng th\u1ea5p l\u00ean g\u1ea7n chu\u1ea9n 8K v\u1edbi b\u1ed9 vi x\u1eed l\u00fd Quantum 8K v\u00e0 tr\u00ed tu\u1ec7 nh\u00e2n t\u1ea1o AI<\/div>\n<div>\n<table style=\"width: 100.228%;\">\n<tbody>\n<tr style=\"height: 21px;\">\n<td style=\"height: 22px; width: 33.7283%;\"><b>B\u1ea3o h\u00e0nh:<\/b><\/td>\n<td style=\"height: 22px; width: 142.662%;\">24 th\u00e1ng<\/td>\n<\/tr>\n<tr style=\"height: 21px;\">\n<td style=\"height: 21px; width: 33.7283%;\"><b>Kho h\u00e0ng:<\/b><\/td>\n<td style=\"height: 21px; width: 142.662%;\">C\u00f2n h\u00e0ng<\/td>\n<\/tr>\n<\/tbody>\n<\/table>\n<\/div>\n<div><b class=\"title text-upc\" style=\"color: #555555; font-size: 14.4px;\"><span style=\"color: #ed1c24;\">KHUY\u1ebeN M\u00c3I:<\/span><\/b><\/div>\n<div id=\"offerTop\" class=\"pro-offer\">\n<div class=\"content text-700\">\n<ul>\n<li>Mi\u1ec5n ph\u00ed 12 th\u00e1ng d\u1ecbch v\u1ee5 xem truy\u1ec1n h\u00ecnh tr\u00ean \u1ee9ng d\u1ee5ng FPT Play.<\/li>\n<li>Cam k\u1ebft s\u1ea3n ph\u1ea9m m\u1edbi 100%, nguy\u00ean \u0111ai nguy\u00ean ki\u1ec7n.<\/li>\n<li>B\u1ea3o h\u00e0nh k\u00edch ho\u1ea1t \u0111i\u1ec7n t\u1eed, t\u1ed5ng \u0111\u00e0i b\u1ea3o h\u00e0nh Samsung 1800588889.<\/li>\n<\/ul>\n<\/div>\n<\/div>\n","protected":false},"featured_media":70145,"comment_status":"open","ping_status":"closed","template":"","meta":[],"_links":{"self":[{"href":"https:\/\/thietkewebsitemienphi.com\/dienmay3\/wp-json\/wp\/v2\/product\/70144"}],"collection":[{"href":"https:\/\/thietkewebsitemienphi.com\/dienmay3\/wp-json\/wp\/v2\/product"}],"about":[{"href":"https:\/\/thietkewebsitemienphi.com\/dienmay3\/wp-json\/wp\/v2\/types\/product"}],"replies":[{"embeddable":true,"href":"https:\/\/thietkewebsitemienphi.com\/dienmay3\/wp-json\/wp\/v2\/comments?post=70144"}],"wp:featuredmedia":[{"embeddable":true,"href":"https:\/\/thietkewebsitemienphi.com\/dienmay3\/wp-json\/wp\/v2\/media\/70145"}],"wp:attachment":[{"href":"https:\/\/thietkewebsitemienphi.com\/dienmay3\/wp-json\/wp\/v2\/media?parent=70144"}],"curies":[{"name":"wp","href":"https:\/\/api.w.org\/{rel}","templated":true}]}}